{"id":43,"date":"2019-11-07T10:02:06","date_gmt":"2019-11-07T10:02:06","guid":{"rendered":"http:\/\/zeninstitut.fr\/?page_id=43"},"modified":"2022-12-18T19:50:55","modified_gmt":"2022-12-18T19:50:55","slug":"coupe-energetique","status":"publish","type":"page","link":"https:\/\/zeninstitut.fr\/index.php\/coupe-energetique\/","title":{"rendered":"Coiffure \u00e9nerg\u00e9tique"},"content":{"rendered":"<p><section data-kc-fullwidth=\"content\" class=\"kc-elm kc-css-517250 kc_row\"><div class=\"kc-row-container\"><div class=\"kc-wrap-columns\"><div class=\"kc-elm kc-css-398427 kc_col-sm-12 kc_column kc_col-sm-12\"><div class=\"kc-col-container\"><div class=\"kc-elm kc-css-698233 kc_text_block\"><\/p>\n<p>\n<\/div><\/div><\/div><\/div><\/div><\/section><section data-kc-fullwidth=\"row\" data-kc-parallax=\"true\" class=\"kc-elm kc-css-348105 kc_row\"><div class=\"kc-row-container  kc-container\"><div class=\"kc-wrap-columns\"><div class=\"kc-elm kc-css-4061 kc_col-sm-5 kc_column kc_col-sm-5\"><div class=\"kc-col-container\"><div class=\"kc-elm kc-css-875157 kc_shortcode kc_single_image\">\n\n        <img decoding=\"async\" src=\"https:\/\/zeninstitut.fr\/wp-content\/uploads\/2022\/09\/IMG_3138-scaled-1000x1200xc.jpg\" class=\"\" alt=\"\" \/>    <\/div>\n<\/div><\/div><div class=\"kc-elm kc-css-316114 kc_col-sm-7 kc_column kc_col-sm-7\"><div class=\"kc-col-container\"><div class=\"kc-elm kc-css-906846 kc_text_block\"><\/p>\n<h3>La coiffure \u00e9nerg\u00e9tique c&rsquo;est quoi ?<\/h3>\n<p>C\u2019est avant tout&nbsp;<strong>une vibration \u00e9mise par le rasoir<\/strong>. Nous sommes vibration dans le cosmos.<\/p>\n<p>Je consid\u00e8re l\u2019\u00eatre humain comme un instrument de musique et les cordes de cet instrument, sont nos cheveux. Mon rasoir, (un vrai coupe-chou que j\u2019aiguise sur un cuir) lui, en est l\u2019archet.<\/p>\n<p>Je vais donc tendre mes cordes (cheveux) et avec mon rasoir \u00e9mettre cette vibration, celle-ci passe \u00e0 travers les \u00e9cailles du cheveu,&nbsp;<strong>va stimuler la papille, activer la circulation du sang, et redresser le muscle arrecteur car celui-ci sera irrigu\u00e9<\/strong>&nbsp;(par le sang).<\/p>\n<p>La bo\u00eete cranienne jouant le r\u00f4le de caisse de r\u00e9sonnance, va donc amplifier celle-ci qui entrera en contact avec le cortex, les deux lobes du cerveau, et les oreilles internes.<\/p>\n<p>La vibration passe dans le corps par le liquide c\u00e9phalorachidien, et va court-circuiter le mental.<br \/>La personne ne peut avoir aucun contr\u00f4le sur celui-ci.<\/p>\n<p>C\u2019est ainsi que l\u2019on contacte la m\u00e9moire \u00e9motionnelle, la m\u00e9moire cellulaire, et que&nbsp;<strong>beaucoup d\u2019\u00e9l\u00e9ments peuvent se lib\u00e9rer, comme les pleurs, la col\u00e8re, des sensations de douleurs, de chaud, de froid<\/strong>&nbsp;\u00e0 diff\u00e9rents endroits et parties du corps.<\/p>\n<p style=\"text-align: justify;\">Son secret ? Une coupe \u00ab\u00a0vibratoire\u00a0\u00bb au rasoir (un coupe-chou sp\u00e9cifique) suivant les principes de la m\u00e9decine chinoise : les m\u00e9ridiens et points d&rsquo;acuponcture ; les \u00e9l\u00e9ments et saisons pour le choix d&rsquo;un shampoing aux huiles essentielles adapt\u00e9 ; le tout pr\u00e9c\u00e9d\u00e9 d&rsquo;une s\u00e9ances de shiatsu cr\u00e2nien.<\/p>\n<p style=\"text-align: justify;\">La coupe classique aux ciseaux est une coupe \u00ab\u00a0morte\u00a0\u00bb car elle \u00e9crase le cheveu et ne g\u00e9n\u00e8re aucune vibration. La lame du rasoir par contre, taille le cheveu en biais en augmentant sa surface de coupe, comme on le ferait pour couper parfaitement une tige de fleur.<\/p>\n<p>\n<\/div><\/div><\/div><\/div><\/div><\/section><section data-kc-fullwidth=\"row\" data-kc-parallax=\"true\" class=\"kc-elm kc-css-390288 kc_row\"><div class=\"kc-row-container  kc-container\"><div class=\"kc-wrap-columns\"><div class=\"kc-elm kc-css-535931 kc_col-sm-12 kc_column kc_col-sm-12\"><div class=\"kc-col-container\"><div class=\"kc-elm kc-css-547213 kc_text_block\"><\/p>\n<h3 style=\"text-align: justify;\">Quels sont les bienfaits ?<\/h3>\n<p style=\"text-align: justify;\"><strong>Un cheveu beaucoup plus brillant, plus fort, une meilleure vascularisation, <\/strong>un cheveu poussant plus vite et plus beau, permettant la f\u00e9condation de nouveaux cheveux.<\/p>\n<p>\n<\/div><\/div><\/div><\/div><\/div><\/section><section data-kc-fullwidth=\"row\" data-kc-parallax=\"true\" class=\"kc-elm kc-css-931099 kc_row\"><div class=\"kc-row-container  kc-container\"><div class=\"kc-wrap-columns\"><div class=\"kc-elm kc-css-256526 kc_col-sm-4 kc_column kc_col-sm-4\"><div class=\"kc-col-container\"><div class=\"kc-elm kc-css-157607 kc_text_block\"><\/p>\n<h3>Est-ce douloureux ? <b><br \/><\/b><\/h3>\n<p style=\"text-align: justify;\">Cela peut \u00eatre un peu douloureux mais chaque sensation est diff\u00e9rente selon les personnes. <strong>Une fois qu&#039;on ferme les yeux et qu&#039;on se laisse aller, adieu tensions, stress, courbatures.<\/strong> Vous allez sentir une relation diff\u00e9rente avec votre corps. Il existe dans la coupe \u00e9nerg\u00e9tique une phase tonifiante et apaisante qui vous fera vivre un moment \u00e9motionnel intense, et lib\u00e8rera quelque chose.<\/p>\n<p>\n<\/div><\/div><\/div><div class=\"kc-elm kc-css-760899 kc_col-sm-4 kc_column kc_col-sm-4\"><div class=\"kc-col-container\"><div class=\"kc-elm kc-css-823183 kc_text_block\"><\/p>\n<h3>Une question de style ? <b><br \/><\/b><\/h3>\n<p style=\"text-align: justify;\"><strong>Et bien oui. Ce n&#039;est pas parce qu&#039;on pratique la coupe \u00e9nerg\u00e9tique que le style de coupe ne compte pas.<\/strong> Se sentir bien dans son \u00eatre n&#039;est pas incompatible avec un style tendance et en parfaite harmonie avec la personnalit\u00e9.<\/p>\n<p>\n<\/div><\/div><\/div><div class=\"kc-elm kc-css-694464 kc_col-sm-4 kc_column kc_col-sm-4\"><div class=\"kc-col-container\"><div class=\"kc-elm kc-css-199375 kc_text_block\"><\/p>\n<h3 style=\"text-align: justify;\">Pour qui ? <b><br \/><\/b><\/h3>\n<p style=\"text-align: justify;\"><strong>Le principe de la coupe \u00e9nerg\u00e9tique est universel et donc mixte.<\/strong><\/p>\n<p style=\"text-align: justify;\">Elle concerne tout aussi bien les femmes, les hommes et les enfants. Quels que soient les bienfaits que vous recherchez, ou que vous ayez une pathologie particuli\u00e8re (cancer, scl\u00e9rose&#8230;) qui bloque le d\u00e9veloppement de vos cheveux, Je vous invite \u00e0 essayer la coupe \u00e9nerg\u00e9tique.<\/p>\n<p>\n<\/div><\/div><\/div><\/div><\/div><\/section><section data-kc-fullwidth=\"content\" class=\"kc-elm kc-css-480939 kc_row\"><div class=\"kc-row-container\"><div class=\"kc-wrap-columns\"><div class=\"kc-elm kc-css-517574 kc_col-sm-12 kc_column kc_col-sm-12\"><div class=\"kc-col-container\"><div class=\"kc-elm kc-css-244404 kc_text_block\"><\/p>\n<p>\n<\/div><\/div><\/div><\/div><\/div><\/section><\/p>\n","protected":false},"excerpt":{"rendered":"","protected":false},"author":1,"featured_media":0,"parent":0,"menu_order":0,"comment_status":"closed","ping_status":"closed","template":"","meta":{"footnotes":""},"class_list":["post-43","page","type-page","status-publish","czr-hentry"],"_links":{"self":[{"href":"https:\/\/zeninstitut.fr\/index.php\/wp-json\/wp\/v2\/pages\/43","targetHints":{"allow":["GET"]}}],"collection":[{"href":"https:\/\/zeninstitut.fr\/index.php\/wp-json\/wp\/v2\/pages"}],"about":[{"href":"https:\/\/zeninstitut.fr\/index.php\/wp-json\/wp\/v2\/types\/page"}],"author":[{"embeddable":true,"href":"https:\/\/zeninstitut.fr\/index.php\/wp-json\/wp\/v2\/users\/1"}],"replies":[{"embeddable":true,"href":"https:\/\/zeninstitut.fr\/index.php\/wp-json\/wp\/v2\/comments?post=43"}],"version-history":[{"count":18,"href":"https:\/\/zeninstitut.fr\/index.php\/wp-json\/wp\/v2\/pages\/43\/revisions"}],"predecessor-version":[{"id":463,"href":"https:\/\/zeninstitut.fr\/index.php\/wp-json\/wp\/v2\/pages\/43\/revisions\/463"}],"wp:attachment":[{"href":"https:\/\/zeninstitut.fr\/index.php\/wp-json\/wp\/v2\/media?parent=43"}],"curies":[{"name":"wp","href":"https:\/\/api.w.org\/{rel}","templated":true}]}}