{"id":39,"date":"2019-11-07T10:01:27","date_gmt":"2019-11-07T10:01:27","guid":{"rendered":"http:\/\/zeninstitut.fr\/?page_id=39"},"modified":"2020-04-22T16:01:23","modified_gmt":"2020-04-22T16:01:23","slug":"maquillage","status":"publish","type":"page","link":"https:\/\/zeninstitut.fr\/index.php\/maquillage\/","title":{"rendered":"Maquillage"},"content":{"rendered":"<p><section data-kc-fullwidth=\"content\" class=\"kc-elm kc-css-16313 kc_row\"><div class=\"kc-row-container\"><div class=\"kc-wrap-columns\"><div class=\"kc-elm kc-css-884519 kc_col-sm-12 kc_column kc_col-sm-12\"><div class=\"kc-col-container\"><div class=\"kc-elm kc-css-3827 kc_text_block\"><\/p>\n<p>\n<\/div><\/div><\/div><\/div><\/div><\/section><section data-kc-fullwidth=\"row\" data-kc-parallax=\"true\" class=\"kc-elm kc-css-209220 kc_row\"><div class=\"kc-row-container  kc-container\"><div class=\"kc-wrap-columns\"><div class=\"kc-elm kc-css-501248 kc_col-sm-8 kc_column kc_col-sm-8\"><div class=\"kc-col-container\"><div class=\"kc-elm kc-css-72039 kc-animated kc-animate-eff-fadeInDown kc-animate-speed-3s kc_text_block\"><\/p>\n<h3>Maquillage visage &amp; ongles<\/h3>\n<p style=\"text-align: justify;\">Un maquillage naturel ou sophistiqu\u00e9, une manucure impeccable, des proth\u00e8ses ongulaires ajust\u00e9es&#8230;<\/p>\n<p style=\"text-align: justify;\">Dans l&rsquo;harmonie et la d\u00e9tente, venez profiter de tous nos soins !<\/p>\n<p><a href=\"http:\/\/zeninstitut.fr\/index.php\/book\/\">Consultez le book<\/a><\/p>\n<p><span style=\"color: transparent; font-size: 10pt;\">Maquillage visage et soins ongles et mains Pluvigner, Carnac, Auray<\/span><\/p>\n<p>\n<\/div><\/div><\/div><div class=\"kc-elm kc-css-214745 kc_col-sm-4 kc_column kc_col-sm-4\"><div class=\"kc-col-container\">\n\n<div class=\"image_fadein_slider kc-elm kc-css-145865 \">\n\t\t<div data-delay=\"3000\" class=\"image_fadein\" data-images=\"238,240,239,237\">\n\t<img decoding=\"async\" src=\"https:\/\/zeninstitut.fr\/wp-content\/uploads\/2020\/04\/maquillage-coiffure-400x600xc.jpg\" \/><img decoding=\"async\" src=\"https:\/\/zeninstitut.fr\/wp-content\/uploads\/2020\/04\/maquillage-zen-institut-400x600xc.jpg\" \/><img decoding=\"async\" src=\"https:\/\/zeninstitut.fr\/wp-content\/uploads\/2020\/04\/maquillage-pluvigner-1-400x600xc.jpg\" \/><img decoding=\"async\" src=\"https:\/\/zeninstitut.fr\/wp-content\/uploads\/2020\/04\/maquillage-56-400x600xc.jpg\" \/>\t<\/div>\n<\/div>\n<\/div><\/div><\/div><\/div><\/section><section data-kc-fullwidth=\"content\" class=\"kc-elm kc-css-898859 kc_row\"><div class=\"kc-row-container\"><div class=\"kc-wrap-columns\"><div class=\"kc-elm kc-css-349733 kc_col-sm-12 kc_column kc_col-sm-12\"><div class=\"kc-col-container\"><div class=\"kc-elm kc-css-163562 kc_text_block\"><\/p>\n<p>\n<\/div><\/div><\/div><\/div><\/div><\/section><\/p>\n","protected":false},"excerpt":{"rendered":"","protected":false},"author":1,"featured_media":0,"parent":0,"menu_order":0,"comment_status":"closed","ping_status":"closed","template":"","meta":{"footnotes":""},"class_list":["post-39","page","type-page","status-publish","czr-hentry"],"_links":{"self":[{"href":"https:\/\/zeninstitut.fr\/index.php\/wp-json\/wp\/v2\/pages\/39","targetHints":{"allow":["GET"]}}],"collection":[{"href":"https:\/\/zeninstitut.fr\/index.php\/wp-json\/wp\/v2\/pages"}],"about":[{"href":"https:\/\/zeninstitut.fr\/index.php\/wp-json\/wp\/v2\/types\/page"}],"author":[{"embeddable":true,"href":"https:\/\/zeninstitut.fr\/index.php\/wp-json\/wp\/v2\/users\/1"}],"replies":[{"embeddable":true,"href":"https:\/\/zeninstitut.fr\/index.php\/wp-json\/wp\/v2\/comments?post=39"}],"version-history":[{"count":4,"href":"https:\/\/zeninstitut.fr\/index.php\/wp-json\/wp\/v2\/pages\/39\/revisions"}],"predecessor-version":[{"id":236,"href":"https:\/\/zeninstitut.fr\/index.php\/wp-json\/wp\/v2\/pages\/39\/revisions\/236"}],"wp:attachment":[{"href":"https:\/\/zeninstitut.fr\/index.php\/wp-json\/wp\/v2\/media?parent=39"}],"curies":[{"name":"wp","href":"https:\/\/api.w.org\/{rel}","templated":true}]}}