{"id":35,"date":"2019-11-07T10:00:56","date_gmt":"2019-11-07T10:00:56","guid":{"rendered":"http:\/\/zeninstitut.fr\/?page_id=35"},"modified":"2020-04-22T15:51:53","modified_gmt":"2020-04-22T15:51:53","slug":"mariee","status":"publish","type":"page","link":"https:\/\/zeninstitut.fr\/index.php\/mariee\/","title":{"rendered":"Mari\u00e9e"},"content":{"rendered":"<p><section data-kc-fullwidth=\"content\" class=\"kc-elm kc-css-34766 kc_row\"><div class=\"kc-row-container\"><div class=\"kc-wrap-columns\"><div class=\"kc-elm kc-css-263255 kc_col-sm-12 kc_column kc_col-sm-12\"><div class=\"kc-col-container\"><div class=\"kc-elm kc-css-59176 kc_text_block\"><\/p>\n<p>\n<\/div><\/div><\/div><\/div><\/div><\/section><section data-kc-fullwidth=\"row\" data-kc-parallax=\"true\" class=\"kc-elm kc-css-473657 kc_row\"><div class=\"kc-row-container  kc-container\"><div class=\"kc-wrap-columns\"><div class=\"kc-elm kc-css-435096 kc_col-sm-8 kc_column kc_col-sm-8\"><div class=\"kc-col-container\"><div class=\"kc-elm kc-css-348633 kc-animated kc-animate-eff-fadeInDown kc-animate-speed-3s kc_text_block\"><\/p>\n<h3>Mari\u00e9e de prestige<\/h3>\n<p>Quoi de plus estimable pour le plus grand jour de votre vie, que d&#039;\u00eatre mise en beaut\u00e9 dans une ambiance relaxante, o\u00f9 tout est mis en oeuvre pour vous sublimer.<\/p>\n<p>D\u00e8s le premier essai, vous profitez de conseils en stylisme et visagisme d&#039;une professionnelle reconnue.<\/p>\n<p>Une prestation de coiffure avec ornements suivie d&#039;une s\u00e9ance de maquillage sp\u00e9cialement adapt\u00e9s selon vos souhaits.<\/p>\n<p>Vilayvanh, vice-championne du monde et championne de France de mari\u00e9e de prestige, vous promet un accueil chaleureux et des conseils personnalis\u00e9s.<\/p>\n<p>\n<\/div><\/div><\/div><div class=\"kc-elm kc-css-704676 kc_col-sm-4 kc_column kc_col-sm-4\"><div class=\"kc-col-container\">\n\n<div class=\"image_fadein_slider kc-elm kc-css-592043 \">\n\t\t<div data-delay=\"3000\" class=\"image_fadein\" data-images=\"281,146,229,232,267,231,230,228\">\n\t<img decoding=\"async\" src=\"https:\/\/zeninstitut.fr\/wp-content\/uploads\/2020\/05\/bg-services-handheld2-380x600xc.jpg\" \/><img decoding=\"async\" src=\"https:\/\/zeninstitut.fr\/wp-content\/uploads\/2019\/11\/3-380x600xc.jpg\" \/><img decoding=\"async\" src=\"https:\/\/zeninstitut.fr\/wp-content\/uploads\/2020\/04\/zeninstitut-morbihan-380x600xc.jpg\" \/><img decoding=\"async\" src=\"https:\/\/zeninstitut.fr\/wp-content\/uploads\/2020\/04\/zeninstitut-haute-coiffure-380x600xc.jpg\" \/><img decoding=\"async\" src=\"https:\/\/zeninstitut.fr\/wp-content\/uploads\/2020\/04\/mariage-380x600xc.jpg\" \/><img decoding=\"async\" src=\"https:\/\/zeninstitut.fr\/wp-content\/uploads\/2020\/04\/zeninstitut-380x600xc.jpg\" \/><img decoding=\"async\" src=\"https:\/\/zeninstitut.fr\/wp-content\/uploads\/2020\/04\/zeninstitut-pluvigner-380x600xc.jpg\" \/><img decoding=\"async\" src=\"https:\/\/zeninstitut.fr\/wp-content\/uploads\/2020\/04\/zeninstitut-56-380x600xc.jpg\" \/>\t<\/div>\n<\/div>\n<\/div><\/div><\/div><\/div><\/section><section data-kc-fullwidth=\"content\" class=\"kc-elm kc-css-968967 kc_row\"><div class=\"kc-row-container\"><div class=\"kc-wrap-columns\"><div class=\"kc-elm kc-css-366575 kc_col-sm-12 kc_column kc_col-sm-12\"><div class=\"kc-col-container\"><div class=\"kc-elm kc-css-859343 kc_text_block\"><\/p>\n<p>\n<\/div><\/div><\/div><\/div><\/div><\/section><\/p>\n","protected":false},"excerpt":{"rendered":"","protected":false},"author":1,"featured_media":0,"parent":0,"menu_order":0,"comment_status":"closed","ping_status":"closed","template":"","meta":{"footnotes":""},"class_list":["post-35","page","type-page","status-publish","czr-hentry"],"_links":{"self":[{"href":"https:\/\/zeninstitut.fr\/index.php\/wp-json\/wp\/v2\/pages\/35","targetHints":{"allow":["GET"]}}],"collection":[{"href":"https:\/\/zeninstitut.fr\/index.php\/wp-json\/wp\/v2\/pages"}],"about":[{"href":"https:\/\/zeninstitut.fr\/index.php\/wp-json\/wp\/v2\/types\/page"}],"author":[{"embeddable":true,"href":"https:\/\/zeninstitut.fr\/index.php\/wp-json\/wp\/v2\/users\/1"}],"replies":[{"embeddable":true,"href":"https:\/\/zeninstitut.fr\/index.php\/wp-json\/wp\/v2\/comments?post=35"}],"version-history":[{"count":15,"href":"https:\/\/zeninstitut.fr\/index.php\/wp-json\/wp\/v2\/pages\/35\/revisions"}],"predecessor-version":[{"id":225,"href":"https:\/\/zeninstitut.fr\/index.php\/wp-json\/wp\/v2\/pages\/35\/revisions\/225"}],"wp:attachment":[{"href":"https:\/\/zeninstitut.fr\/index.php\/wp-json\/wp\/v2\/media?parent=35"}],"curies":[{"name":"wp","href":"https:\/\/api.w.org\/{rel}","templated":true}]}}