{"id":3,"date":"2019-10-31T10:41:21","date_gmt":"2019-10-31T10:41:21","guid":{"rendered":"http:\/\/zeninstitut.fr\/?page_id=3"},"modified":"2020-04-22T16:49:38","modified_gmt":"2020-04-22T16:49:38","slug":"privacy-policy","status":"publish","type":"page","link":"https:\/\/zeninstitut.fr\/index.php\/privacy-policy\/","title":{"rendered":"Politique de confidentialit\u00e9"},"content":{"rendered":"\r\n<h3 id=\"introduction\" class=\"wp-block-heading\"><strong>Introduction<\/strong><\/h3>\r\n<p class=\"\">Dans le cadre de son activit\u00e9, la soci\u00e9t\u00e9 Zen Institut, dont le si\u00e8ge social est situ\u00e9 19 bis route d&rsquo;Auray 56330 PLUVIGNER<\/p>\r\n<p class=\"\">est amen\u00e9e \u00e0 collecter et \u00e0 traiter des informations dont certaines sont qualifi\u00e9es de \u00ab donn\u00e9es personnelles \u00bb. Zen Institut attache une grande importance au respect de la vie priv\u00e9e, et n\u2019utilise que des donnes de mani\u00e8re responsable et confidentielle et dans une finalit\u00e9 pr\u00e9cise.<\/p>\r\n<h3 id=\"donn-es-personnelles\" class=\"\"><strong>Donn\u00e9es personnelles<\/strong><\/h3>\r\n<p class=\"\">Sur le site web www.zeninstitut.fr il y a 2 types de donn\u00e9es susceptibles d\u2019\u00eatre recueillies :<\/p>\r\n<ul class=\"\">\r\n<li class=\"\"><strong class=\"\">Les donn\u00e9es transmises directement<\/strong><br class=\"\" \/><span class=\"\">Ces donn\u00e9es sont celles que vous nous transmettez directement, via un formulaire de contact, par contact direct par email ou autres types de messages<\/span><span class=\"\">.<br \/><\/span><\/li>\r\n<li class=\"\"><strong class=\"\">Les donn\u00e9es collect\u00e9es automatiquement<\/strong><br class=\"\" \/>Lors de vos visites, une fois votre consentement donn\u00e9, nous pouvons recueillir des informations de type \u00ab web analytics \u00bb relatives \u00e0 votre navigation, la dur\u00e9e de votre consultation, votre adresse IP, votre type et version de navigateur. La technologie utilis\u00e9e est le cookie.<\/li>\r\n<\/ul>\r\n<h3 id=\"utilisation-des-donn-es\" class=\"\"><strong>Utilisation des donn\u00e9es<\/strong><\/h3>\r\n<p class=\"\">Les donn\u00e9es que vous nous transmettez directement sont utilis\u00e9es dans le but de vous re-contacter et\/ou dans le cadre de la demande que vous nous faites. Les donn\u00e9es \u00ab web analytics \u00bb sont collect\u00e9es de forme anonyme (en enregistrant des adresses IP anonymes) par Google Analytics, et nous permettent de mesurer l\u2019audience de notre site web, les consultations et les \u00e9ventuelles erreurs afin d\u2019am\u00e9liorer constamment l\u2019exp\u00e9rience des utilisateurs. Ces donn\u00e9es sont utilis\u00e9es par Zen Institut, responsable du traitement des donn\u00e9es, et ne seront jamais c\u00e9d\u00e9es \u00e0 un tiers ni utilis\u00e9es \u00e0 d\u2019autres fins que celles d\u00e9taill\u00e9es ci-dessus.<\/p>\r\n<p><strong>Dur\u00e9e de conservation<\/strong><\/p>\r\n<p class=\"\">Les donn\u00e9es seront sauvegard\u00e9es durant une dur\u00e9e maximale de 3 ans.<\/p>\r\n<h3 id=\"cookies\" class=\"\">Cookies<\/h3>\r\n<p class=\"\">Voici la liste des cookies utilis\u00e9es et leur objectif :<\/p>\r\n<ul class=\"\">\r\n<li class=\"\">Cookies Google Analytics : Web analytics<\/li>\r\n<\/ul>\r\n<h3 id=\"vos-droits-concernant-les-donn-es-personnelles\" class=\"\"><strong>Vos droits concernant les donn\u00e9es personnelles<\/strong><\/h3>\r\n<p class=\"\">Vous avez le droit de consultation, demande de modification ou d\u2019effacement sur l\u2019ensemble de vos donn\u00e9es personnelles. Vous pouvez \u00e9galement retirer votre consentement au traitement de vos donn\u00e9es.<\/p>\r\n<h3 id=\"contact-d-l-gu-la-protection-des-donn-es\" class=\"\">Contact d\u00e9l\u00e9gu\u00e9 \u00e0 la protection des donn\u00e9es<\/h3>\r\n<p class=\"\">Vilayvanh\u00a0<b><i>Phommaline<\/i><\/b> : zeninstitut56@gmail.com\u00a0\u2013 +33(0)<strong>2 97 50 90 47<\/strong><\/p>\r\n","protected":false},"excerpt":{"rendered":"<p>Introduction Dans le cadre de son activit\u00e9, la soci\u00e9t\u00e9 Zen Institut, dont le si\u00e8ge social est situ\u00e9 19 bis route d&rsquo;Auray 56330 PLUVIGNER est amen\u00e9e \u00e0 collecter et \u00e0 traiter des informations dont certaines sont qualifi\u00e9es de \u00ab donn\u00e9es personnelles \u00bb. Zen Institut attache une grande importance au respect de la vie priv\u00e9e, et n\u2019utilise [&hellip;]<\/p>\n","protected":false},"author":1,"featured_media":0,"parent":0,"menu_order":0,"comment_status":"closed","ping_status":"open","template":"","meta":{"footnotes":""},"class_list":["post-3","page","type-page","status-publish","czr-hentry"],"_links":{"self":[{"href":"https:\/\/zeninstitut.fr\/index.php\/wp-json\/wp\/v2\/pages\/3","targetHints":{"allow":["GET"]}}],"collection":[{"href":"https:\/\/zeninstitut.fr\/index.php\/wp-json\/wp\/v2\/pages"}],"about":[{"href":"https:\/\/zeninstitut.fr\/index.php\/wp-json\/wp\/v2\/types\/page"}],"author":[{"embeddable":true,"href":"https:\/\/zeninstitut.fr\/index.php\/wp-json\/wp\/v2\/users\/1"}],"replies":[{"embeddable":true,"href":"https:\/\/zeninstitut.fr\/index.php\/wp-json\/wp\/v2\/comments?post=3"}],"version-history":[{"count":4,"href":"https:\/\/zeninstitut.fr\/index.php\/wp-json\/wp\/v2\/pages\/3\/revisions"}],"predecessor-version":[{"id":259,"href":"https:\/\/zeninstitut.fr\/index.php\/wp-json\/wp\/v2\/pages\/3\/revisions\/259"}],"wp:attachment":[{"href":"https:\/\/zeninstitut.fr\/index.php\/wp-json\/wp\/v2\/media?parent=3"}],"curies":[{"name":"wp","href":"https:\/\/api.w.org\/{rel}","templated":true}]}}