{"id":2,"date":"2019-10-31T10:41:21","date_gmt":"2019-10-31T10:41:21","guid":{"rendered":"http:\/\/zeninstitut.fr\/?page_id=2"},"modified":"2022-10-10T11:33:34","modified_gmt":"2022-10-10T11:33:34","slug":"sample-page","status":"publish","type":"page","link":"https:\/\/zeninstitut.fr\/","title":{"rendered":"Accueil"},"content":{"rendered":"<p><section data-kc-fullwidth=\"content\" class=\"kc-elm kc-css-720133 kc_row\"><div class=\"kc-row-container\"><div class=\"kc-wrap-columns\"><div class=\"kc-elm kc-css-617610 kc_col-sm-12 kc_column kc_col-sm-12\"><div class=\"kc-col-container\"><div class=\"kc-elm kc-css-544901 kc_text_block\"><\/p>\n<p>\n<\/div><\/div><\/div><\/div><\/div><\/section><section data-kc-fullwidth=\"row\" data-kc-parallax=\"true\" class=\"kc-elm kc-css-477749 kc_row\"><div class=\"kc-row-container  kc-container\"><div class=\"kc-wrap-columns\"><div class=\"kc-elm kc-css-245192 kc_col-sm-8 kc_column kc_col-sm-8\"><div class=\"kc-col-container\"><div class=\"kc-elm kc-css-767244\" style=\"height: 50px; clear: both; width:100%;\"><\/div><div class=\"kc-elm kc-css-138520 kc-animated kc-animate-eff-fadeInDown kc-animate-speed-3s kc_text_block\"><\/p>\n<h3 style=\"text-align: left;\"><strong><b>Commence par changer en toi ce que tu veux changer autour de toi<\/b>.\u00a0<\/strong><\/h3>\n<p>Dipl\u00f4m\u00e9e en 2001 en stylisme visagisme je reprends un salon d\u00e9j\u00e0 existant sur Carnac (56). En 2002 j\u2019obtiens le 1<sup>er<\/sup> titre \u00ab\u00a0Mari\u00e9e de Prestige\u00a0\u00bb\u00a0 puis vice championne du monde.<\/p>\n<p>Apr\u00e8s de nombreux concours et d\u00e9fil\u00e9s en haute coiffure, je cr\u00e9e\u00a0<strong>Zen Institut\u00a0<\/strong>en 2004 .<\/p>\n<p>Je me sens port\u00e9e vers <a href=\"http:\/\/zeninstitut.fr\/index.php\/coupe-energetique\/\">la coupe \u00e9nerg\u00e9tique<\/a>\u00a0<a href=\"http:\/\/zeninstitut.fr\/index.php\/coupe-energetique\/\">!<\/a> Je choisi\u00a0donc de me former aupr\u00e8s de\u00a0R\u00e9mi Portrait.<\/p>\n<p>Form\u00e9e en Communication Non Violente et avec d\u2019autres outils de d\u00e9veloppement personnel, je vous accompagne lors de vos s\u00e9ances en coupe \u00e9nerg\u00e9tique pour lib\u00e9rer vos m\u00e9moires cellulaires et \u00e9motionnelles et retrouver une chevelure vivante et dynamique !<\/p>\n<p>Si vous sentez le besoin de contacter vos \u00e9motions, invitez-vous \u00e0 les traverser ! Vilayvanh<\/p>\n<p><strong>\u00ab Se lib\u00e9rer, c\u2019est se reconna\u00eetre, c\u2019est acc\u00e9der \u00e0 l\u2019invisible, aux dimensions subtiles aussi bien dans la relation, la communication et les interactions dans tous les syst\u00e8mes de vie \u00bb<\/strong><\/p>\n<p>\n<\/div><\/div><\/div><div class=\"kc-elm kc-css-47671 kc_col-sm-4 kc_column kc_col-sm-4\"><div class=\"kc-col-container\">\n\n<div class=\"image_fadein_slider kc-elm kc-css-737535 \">\n\t\t<div data-delay=\"3000\" class=\"image_fadein\" data-images=\"306\">\n\t<img decoding=\"async\" src=\"https:\/\/zeninstitut.fr\/wp-content\/uploads\/2022\/09\/IMG_3138-scaled-400x645xc.jpg\" \/>\t<\/div>\n<\/div>\n<\/div><\/div><\/div><\/div><\/section><section data-kc-fullwidth=\"content\" class=\"kc-elm kc-css-293741 kc_row\"><div class=\"kc-row-container\"><div class=\"kc-wrap-columns\"><div class=\"kc-elm kc-css-130824 kc_col-sm-12 kc_column kc_col-sm-12\"><div class=\"kc-col-container\"><div class=\"kc-elm kc-css-623008 kc_text_block\"><\/p>\n<p>\n<\/div><\/div><\/div><\/div><\/div><\/section><\/p>\n","protected":false},"excerpt":{"rendered":"","protected":false},"author":1,"featured_media":0,"parent":0,"menu_order":0,"comment_status":"closed","ping_status":"open","template":"","meta":{"footnotes":""},"class_list":["post-2","page","type-page","status-publish","czr-hentry"],"_links":{"self":[{"href":"https:\/\/zeninstitut.fr\/index.php\/wp-json\/wp\/v2\/pages\/2","targetHints":{"allow":["GET"]}}],"collection":[{"href":"https:\/\/zeninstitut.fr\/index.php\/wp-json\/wp\/v2\/pages"}],"about":[{"href":"https:\/\/zeninstitut.fr\/index.php\/wp-json\/wp\/v2\/types\/page"}],"author":[{"embeddable":true,"href":"https:\/\/zeninstitut.fr\/index.php\/wp-json\/wp\/v2\/users\/1"}],"replies":[{"embeddable":true,"href":"https:\/\/zeninstitut.fr\/index.php\/wp-json\/wp\/v2\/comments?post=2"}],"version-history":[{"count":15,"href":"https:\/\/zeninstitut.fr\/index.php\/wp-json\/wp\/v2\/pages\/2\/revisions"}],"predecessor-version":[{"id":319,"href":"https:\/\/zeninstitut.fr\/index.php\/wp-json\/wp\/v2\/pages\/2\/revisions\/319"}],"wp:attachment":[{"href":"https:\/\/zeninstitut.fr\/index.php\/wp-json\/wp\/v2\/media?parent=2"}],"curies":[{"name":"wp","href":"https:\/\/api.w.org\/{rel}","templated":true}]}}